{"id":95,"date":"2024-01-31T19:15:39","date_gmt":"2024-01-31T19:15:39","guid":{"rendered":"https:\/\/kauk.lt\/?post_type=product&#038;p=95"},"modified":"2025-04-23T05:19:23","modified_gmt":"2025-04-23T05:19:23","slug":"donelaicio-g-19","status":"publish","type":"product","link":"https:\/\/kauk.lt\/?product=donelaicio-g-19","title":{"rendered":"Donelai\u010dio g. 19"},"content":{"rendered":"<p class=\"p1\" data-sanitized-data-mce-fragment=\"1\">Vienas ry\u0161kiausi\u0173 tarpukario modernizmo pavyzd\u017ei\u0173 Lietuvoje. Vis\u0173 \u017einomas kaip &#8222;tas pastatas Kaune su apvaliu langu&#8221;. Pastatas, projektuotas ant Arno Funko stalo, dabar gali puo\u0161ti j\u016bs\u0173 stal\u0105.<\/p>\n<h4 class=\"p1\" data-sanitized-data-mce-fragment=\"1\">Pagrindin\u0117s savyb\u0117s:<\/h4>\n<ul class=\"ul1\" data-sanitized-data-mce-fragment=\"1\">\n<li class=\"li1\" data-sanitized-data-mce-fragment=\"1\">Detalumas: Kiekvienas modelis spausdinamas 0.2mm sluoksnio rai\u0161ka, atskleid\u017eiant sud\u0117tingus architekt\u016brinius elementus, tarpukarinius akcentus.<\/li>\n<li class=\"li1\" data-sanitized-data-mce-fragment=\"1\">Tikslumas: \u0160is modelis atitinka tikrus pastato i\u0161matavimus. Tai yra tiksli replika, namuose neu\u017eimanti tiek daug vietos, kiek originalas.<\/li>\n<li class=\"li1\" data-sanitized-data-mce-fragment=\"1\">Tvarios ir ekologi\u0161kos med\u017eiagos: Pagaminta i\u0161 aplinkai draugi\u0161kos, netoksi\u0161kos PLA med\u017eiagos. PLA plastiko gamybai nenaudojami naftos produktai ar kitos i\u0161kasenos. PLA pagamintas i\u0161 nat\u016brali\u0173, atsinaujinan\u010di\u0173 med\u017eiag\u0173, pavyzd\u017eiui, kukur\u016bz\u0173. \u0160is plastikas yra biologi\u0161kai yrantis (biodegradable).<\/li>\n<li class=\"li1\" data-sanitized-data-mce-fragment=\"1\">Atsakinga gamyba: \u0160is gaminys yra gaminamas pagal u\u017esakym\u0105, statul\u0117li\u0173 pagaminama tik tiek kiek j\u0173 reikia, nerizikuojant nepanaudojamu pertekliumi.<\/li>\n<\/ul>\n<p data-sanitized-data-mce-fragment=\"1\"><strong data-sanitized-data-mce-fragment=\"1\">D\u0117mesio!\u00a0<\/strong>D\u0117l gamybos proceso, leid\u017eian\u010dio naudoti ekologi\u0161k\u0105 plastik\u0105, statul\u0117l\u0117 turi &#8222;riev\u0117t\u0105&#8221;,\u00a0lyg med\u017eio, tekst\u016br\u0105, bei pavir\u0161iaus nelygumus.<\/p>\n<p data-sanitized-data-mce-fragment=\"1\">Statul\u0117l\u0119 galima pagaminti nestandartini\u0173 dyd\u017ei\u0173 ir spalv\u0173. Norint i\u0161siai\u0161kinti galimybes susisiekite per kontakt\u0173 form\u0105.<\/p>\n","protected":false},"excerpt":{"rendered":"<p>Vienas ry\u0161kiausi\u0173 tarpukario modernizmo pavyzd\u017ei\u0173 Lietuvoje. Vis\u0173 \u017einomas kaip &#8222;tas pastatas Kaune su apvaliu langu&#8221;. Pastatas, projektuotas ant Arno Funko stalo, dabar gali puo\u0161ti j\u016bs\u0173 stal\u0105.<\/p>\n","protected":false},"featured_media":97,"template":"","meta":{"_themeisle_gutenberg_block_has_review":false},"product_brand":[],"product_cat":[28,29,26],"product_tag":[],"class_list":{"0":"post-95","1":"product","2":"type-product","3":"status-publish","4":"has-post-thumbnail","6":"product_cat-architektura","7":"product_cat-kaunas","8":"product_cat-lietuva","10":"first","11":"instock","12":"shipping-taxable","13":"purchasable","14":"product-type-variable"},"aioseo_notices":[],"jetpack_sharing_enabled":true,"_links":{"self":[{"href":"https:\/\/kauk.lt\/index.php?rest_route=\/wp\/v2\/product\/95","targetHints":{"allow":["GET"]}}],"collection":[{"href":"https:\/\/kauk.lt\/index.php?rest_route=\/wp\/v2\/product"}],"about":[{"href":"https:\/\/kauk.lt\/index.php?rest_route=\/wp\/v2\/types\/product"}],"wp:featuredmedia":[{"embeddable":true,"href":"https:\/\/kauk.lt\/index.php?rest_route=\/wp\/v2\/media\/97"}],"wp:attachment":[{"href":"https:\/\/kauk.lt\/index.php?rest_route=%2Fwp%2Fv2%2Fmedia&parent=95"}],"wp:term":[{"taxonomy":"product_brand","embeddable":true,"href":"https:\/\/kauk.lt\/index.php?rest_route=%2Fwp%2Fv2%2Fproduct_brand&post=95"},{"taxonomy":"product_cat","embeddable":true,"href":"https:\/\/kauk.lt\/index.php?rest_route=%2Fwp%2Fv2%2Fproduct_cat&post=95"},{"taxonomy":"product_tag","embeddable":true,"href":"https:\/\/kauk.lt\/index.php?rest_route=%2Fwp%2Fv2%2Fproduct_tag&post=95"}],"curies":[{"name":"wp","href":"https:\/\/api.w.org\/{rel}","templated":true}]}}