{"id":11,"date":"2024-01-21T18:53:54","date_gmt":"2024-01-21T18:53:54","guid":{"rendered":"https:\/\/kauk.lt\/?post_type=product&#038;p=11"},"modified":"2025-04-23T05:19:23","modified_gmt":"2025-04-23T05:19:23","slug":"soboras","status":"publish","type":"product","link":"https:\/\/kauk.lt\/?product=soboras","title":{"rendered":"Soboras"},"content":{"rendered":"<p class=\"p1\">Kauno soboro, pastatyto XIX a. pabaigoje, 3D replika. Puikiai tinka istorijos entuziastams ir kolekcionieriams. \u0160i statul\u0117l\u0117 i J\u016bs\u0173 namus ar biur\u0105 atne\u0161 gabal\u0117l\u012f turtingo Lietuvos kult\u016brinio paveldo.<\/p>\n<h4 class=\"p1\">Pagrindin\u0117s savyb\u0117s:<\/h4>\n<ul class=\"ul1\">\n<li class=\"li1\">Detalumas: Kiekvienas modelis spausdinamas 0.2mm sluoksnio rai\u0161ka, atskleid\u017eiant sud\u0117tingus gotikos ir baroko architekt\u016brinius elementus, \u012fskaitant puo\u0161nius fasadus ir auk\u0161tus bok\u0161tus.<\/li>\n<li class=\"li1\">Tikslumas: \u0160is modelis atitinka tikrus pastato i\u0161matavimus. Tai yra tiksli replika, namuose neu\u017eimanti tiek daug vietos, kiek originalas.<\/li>\n<li class=\"li1\">Tvarios ir ekologi\u0161kos med\u017eiagos: Pagaminta i\u0161 aplinkai draugi\u0161kos, netoksi\u0161kos PLA med\u017eiagos. PLA plastiko gamybai nenaudojami naftos produktai ar kitos i\u0161kasenos. PLA pagamintas i\u0161 nat\u016brali\u0173, atsinaujinan\u010di\u0173 med\u017eiag\u0173, pavyzd\u017eiui, kukur\u016bz\u0173. \u0160is plastikas yra biologi\u0161kai yrantis (biodegradable).<\/li>\n<li class=\"li1\">Atsakinga gamyba: \u0160is gaminys yra gaminamas pagal u\u017esakym\u0105, statul\u0117li\u0173 pagaminama tik tiek kiek j\u0173 reikia, nerizikuojant nepanaudojamu pertekliumi.<\/li>\n<\/ul>\n<p><strong>D\u0117mesio!\u00a0<\/strong>D\u0117l gamybos proceso, leid\u017eian\u010dio naudoti ekologi\u0161k\u0105 plastik\u0105, statul\u0117l\u0117 turi &#8222;riev\u0117t\u0105&#8221;,\u00a0lyg med\u017eio, tekst\u016br\u0105, bei pavir\u0161iaus nelygumus.<\/p>\n<p>Statul\u0117l\u0119 galima pagaminti nestandartini\u0173 dyd\u017ei\u0173 ir spalv\u0173. Norint i\u0161siai\u0161kinti galimybes susisiekite per kontakt\u0173 form\u0105.<\/p>\n<p>&nbsp;<\/p>\n","protected":false},"excerpt":{"rendered":"<p>Kauno soboro, pastatyto XIX a. pabaigoje, 3D replika. Puikiai tinka istorijos entuziastams ir kolekcionieriams. \u0160i statul\u0117l\u0117 i J\u016bs\u0173 namus ar biur\u0105 atne\u0161 gabal\u0117l\u012f turtingo Lietuvos kult\u016brinio paveldo.<\/p>\n","protected":false},"featured_media":12,"template":"","meta":{"_themeisle_gutenberg_block_has_review":false},"product_brand":[],"product_cat":[28,29,26],"product_tag":[],"class_list":{"0":"post-11","1":"product","2":"type-product","3":"status-publish","4":"has-post-thumbnail","6":"product_cat-architektura","7":"product_cat-kaunas","8":"product_cat-lietuva","10":"first","11":"instock","12":"shipping-taxable","13":"purchasable","14":"product-type-variable"},"aioseo_notices":[],"jetpack_sharing_enabled":true,"_links":{"self":[{"href":"https:\/\/kauk.lt\/index.php?rest_route=\/wp\/v2\/product\/11","targetHints":{"allow":["GET"]}}],"collection":[{"href":"https:\/\/kauk.lt\/index.php?rest_route=\/wp\/v2\/product"}],"about":[{"href":"https:\/\/kauk.lt\/index.php?rest_route=\/wp\/v2\/types\/product"}],"wp:featuredmedia":[{"embeddable":true,"href":"https:\/\/kauk.lt\/index.php?rest_route=\/wp\/v2\/media\/12"}],"wp:attachment":[{"href":"https:\/\/kauk.lt\/index.php?rest_route=%2Fwp%2Fv2%2Fmedia&parent=11"}],"wp:term":[{"taxonomy":"product_brand","embeddable":true,"href":"https:\/\/kauk.lt\/index.php?rest_route=%2Fwp%2Fv2%2Fproduct_brand&post=11"},{"taxonomy":"product_cat","embeddable":true,"href":"https:\/\/kauk.lt\/index.php?rest_route=%2Fwp%2Fv2%2Fproduct_cat&post=11"},{"taxonomy":"product_tag","embeddable":true,"href":"https:\/\/kauk.lt\/index.php?rest_route=%2Fwp%2Fv2%2Fproduct_tag&post=11"}],"curies":[{"name":"wp","href":"https:\/\/api.w.org\/{rel}","templated":true}]}}