{"id":420,"date":"2025-07-16T15:59:13","date_gmt":"2025-07-16T15:59:13","guid":{"rendered":"https:\/\/kauk.lt\/?page_id=420"},"modified":"2025-07-31T07:34:52","modified_gmt":"2025-07-31T07:34:52","slug":"kainorastis","status":"publish","type":"page","link":"https:\/\/kauk.lt\/?page_id=420","title":{"rendered":"Aptarkime J\u016bs\u0173 id\u0117j\u0105"},"content":{"rendered":"\n<figure class=\"wp-block-image aligncenter size-large is-resized has-custom-border ticss-f5492374 top-image\" id=\"top-image\"><img loading=\"lazy\" decoding=\"async\" width=\"1024\" height=\"1024\" src=\"https:\/\/kauk.lt\/wp-content\/uploads\/2025\/07\/Size-All-1024x1024.jpeg\" alt=\"\" class=\"wp-image-475\" style=\"border-width:1px;width:auto;height:400px\" srcset=\"https:\/\/kauk.lt\/wp-content\/uploads\/2025\/07\/Size-All-1024x1024.jpeg 1024w, https:\/\/kauk.lt\/wp-content\/uploads\/2025\/07\/Size-All-540x540.jpeg 540w, https:\/\/kauk.lt\/wp-content\/uploads\/2025\/07\/Size-All-150x150.jpeg 150w, https:\/\/kauk.lt\/wp-content\/uploads\/2025\/07\/Size-All-600x600.jpeg 600w, https:\/\/kauk.lt\/wp-content\/uploads\/2025\/07\/Size-All-300x300.jpeg 300w, https:\/\/kauk.lt\/wp-content\/uploads\/2025\/07\/Size-All-768x768.jpeg 768w, https:\/\/kauk.lt\/wp-content\/uploads\/2025\/07\/Size-All-1536x1536.jpeg 1536w, https:\/\/kauk.lt\/wp-content\/uploads\/2025\/07\/Size-All-12x12.jpeg 12w, https:\/\/kauk.lt\/wp-content\/uploads\/2025\/07\/Size-All-50x50.jpeg 50w, https:\/\/kauk.lt\/wp-content\/uploads\/2025\/07\/Size-All-100x100.jpeg 100w, https:\/\/kauk.lt\/wp-content\/uploads\/2025\/07\/Size-All.jpeg 1920w\" sizes=\"auto, (max-width: 1024px) 100vw, 1024px\" \/><\/figure>\n\n\n\n<p class=\"has-text-align-center\">Supa\u017eindinkite mus su J\u016bs\u0173 projektu u\u017epildydami \u0161i\u0105 form\u0105. <\/p>\n\n\n\n<div id=\"kauk-tier-selector-69e1be4d677b2\" class=\"kauk-tier-selector-wrapper\">\n    <div class=\"kauk-tier-selector\">\n                \n        <div class=\"kauk-sections-container\">\n            <!-- Details Section -->\n            <div class=\"kauk-section\">\n                <h2>Detalumas<\/h2>\n                <div class=\"kauk-options\">\n                    <!-- Content will be generated by JavaScript -->\n                <\/div>\n            <\/div>\n            \n            <!-- Size Section -->\n            <div class=\"kauk-section\">\n                <h2>Dydis<\/h2>\n                <div class=\"kauk-options\">\n                    <!-- Content will be generated by JavaScript -->\n                <\/div>\n            <\/div>\n        <\/div>\n        \n        <div class=\"kauk-selection-summary\">\n            <h3>Pasirinkimas:<\/h3>\n            <p class=\"kauk-summary-line\">\n                <span class=\"kauk-summary-label\">Detalumas<\/span>\n                <span class=\"kauk-summary-dots\"><\/span>\n                <span class=\"kauk-selected-details\">Nepasirinkta<\/span>\n            <\/p>\n            <p class=\"kauk-summary-line\">\n                <span class=\"kauk-summary-label\">Dydis<\/span>\n                <span class=\"kauk-summary-dots\"><\/span>\n                <span class=\"kauk-selected-size\">Nepasirinkta<\/span>\n            <\/p>\n            <div class=\"kauk-price-display\" style=\"display: none;\">\n                Kaina: \u20ac0\n            <\/div>\n        <\/div>\n        \n                <!-- Floating price indicator -->\n        <div class=\"kauk-floating-price\">\n            \u20ac0\n        <\/div>\n                \n                <!-- Contact form for quote requests -->\n        <div class=\"kauk-contact-form\" style=\"display: none;\">\n            <form id=\"kauk-quote-form\" enctype=\"multipart\/form-data\">\n                <div class=\"kauk-form-group\">\n                    <label for=\"kauk-customer-name\">Vardas ir pavard\u0117:<\/label>\n                    <input type=\"text\" id=\"kauk-customer-name\" name=\"customer_name\" placeholder=\"J\u016bs\u0173 vardas ir pavard\u0117\" required>\n                <\/div>\n                \n                <div class=\"kauk-form-group\">\n                    <label for=\"kauk-contact-info\">Kontaktai:<\/label>\n                    <input type=\"text\" id=\"kauk-contact-info\" name=\"contact_info\" placeholder=\"El. pa\u0161tas arba telefono numeris\" required>\n                <\/div>\n                \n                <div class=\"kauk-form-group\">\n                    <label for=\"kauk-comments\">Komentarai \/ Papildoma informacija:<\/label>\n                    <textarea id=\"kauk-comments\" name=\"comments\" rows=\"4\" placeholder=\"Apra\u0161ykite savo poreikius, projekto detales ar kitus pageidavimus...\"><\/textarea>\n                <\/div>\n                \n                <div class=\"kauk-form-group\">\n                    <label for=\"kauk-file-upload\">Prisegti failus (br\u0117\u017einiai, nuotraukos, referencijos):<\/label>\n                    <input type=\"file\" id=\"kauk-file-upload\" name=\"file_upload[]\" multiple accept=\".pdf,.jpg,.jpeg,.png,.dwg,.dxf,.zip,.rar\">\n                    <div class=\"kauk-file-info-container\">\n                        <small class=\"kauk-file-info\">Galite prisegti kelet\u0105 fail\u0173. Palaikomi formatai: PDF, JPG, PNG, DWG, DXF, ZIP, RAR<\/small>\n                        <button type=\"button\" class=\"kauk-file-clear-button\" style=\"display: none;\">\u2715 I\u0161valyti<\/button>\n                    <\/div>\n                    <div class=\"kauk-file-selected-info\" style=\"display: none;\"><\/div>\n                <\/div>\n                \n                <button type=\"submit\" class=\"kauk-submit-button\">Si\u0173sti u\u017eklaus\u0105<\/button>\n            <\/form>\n        <\/div>\n        \n        <!-- Success message outside the form container -->\n        <div class=\"kauk-success-message\">\n            U\u017eklausa i\u0161si\u0173sta s\u0117kmingai. Susisieksime su jumis artimiausiu metu.\n        <\/div>\n            <\/div>\n<\/div>\n\n<script>\n    \/\/ Initialize the tier selector for this instance\n    jQuery(document).ready(function($) {\n        if (typeof window.initKaukTierSelector === 'function') {\n            window.initKaukTierSelector('#kauk-tier-selector-69e1be4d677b2', {\n                pluginUrl: 'https:\/\/kauk.lt\/wp-content\/plugins\/kauk-tier-selector\/',\n                hasContactForm: true,\n                ajaxUrl: 'https:\/\/kauk.lt\/wp-admin\/admin-ajax.php',\n                nonce: '68ccfcb61f'\n            });\n        }\n    });\n<\/script>\n\n","protected":false},"excerpt":{"rendered":"<p>Supa\u017eindinkite mus su J\u016bs\u0173 projektu u\u017epildydami \u0161i\u0105 form\u0105.<\/p>\n","protected":false},"author":1,"featured_media":0,"parent":0,"menu_order":0,"comment_status":"closed","ping_status":"closed","template":"wide-layout","meta":{"_themeisle_gutenberg_block_has_review":false,"footnotes":""},"class_list":["post-420","page","type-page","status-publish","hentry"],"aioseo_notices":[],"jetpack_sharing_enabled":true,"_links":{"self":[{"href":"https:\/\/kauk.lt\/index.php?rest_route=\/wp\/v2\/pages\/420","targetHints":{"allow":["GET"]}}],"collection":[{"href":"https:\/\/kauk.lt\/index.php?rest_route=\/wp\/v2\/pages"}],"about":[{"href":"https:\/\/kauk.lt\/index.php?rest_route=\/wp\/v2\/types\/page"}],"author":[{"embeddable":true,"href":"https:\/\/kauk.lt\/index.php?rest_route=\/wp\/v2\/users\/1"}],"replies":[{"embeddable":true,"href":"https:\/\/kauk.lt\/index.php?rest_route=%2Fwp%2Fv2%2Fcomments&post=420"}],"version-history":[{"count":20,"href":"https:\/\/kauk.lt\/index.php?rest_route=\/wp\/v2\/pages\/420\/revisions"}],"predecessor-version":[{"id":510,"href":"https:\/\/kauk.lt\/index.php?rest_route=\/wp\/v2\/pages\/420\/revisions\/510"}],"wp:attachment":[{"href":"https:\/\/kauk.lt\/index.php?rest_route=%2Fwp%2Fv2%2Fmedia&parent=420"}],"curies":[{"name":"wp","href":"https:\/\/api.w.org\/{rel}","templated":true}]}}